{"id":545,"date":"2025-11-04T11:48:02","date_gmt":"2025-11-04T10:48:02","guid":{"rendered":"https:\/\/passeirer-weihnachten.it\/note-legali\/"},"modified":"2025-11-27T15:42:47","modified_gmt":"2025-11-27T14:42:47","slug":"note-legali","status":"publish","type":"page","link":"https:\/\/passeirer-weihnachten.it\/it\/note-legali\/","title":{"rendered":"Note legali"},"content":{"rendered":"[vc_row type=&#8221;in_container&#8221; full_screen_row_position=&#8221;middle&#8221; column_margin=&#8221;default&#8221; column_direction=&#8221;default&#8221; column_direction_tablet=&#8221;default&#8221; column_direction_phone=&#8221;default&#8221; scene_position=&#8221;center&#8221; text_color=&#8221;dark&#8221; text_align=&#8221;left&#8221; row_border_radius=&#8221;none&#8221; row_border_radius_applies=&#8221;bg&#8221; overflow=&#8221;visible&#8221; overlay_strength=&#8221;0.3&#8243; gradient_direction=&#8221;left_to_right&#8221; shape_divider_position=&#8221;bottom&#8221; bg_image_animation=&#8221;none&#8221;][vc_column column_padding=&#8221;no-extra-padding&#8221; column_padding_tablet=&#8221;inherit&#8221; column_padding_phone=&#8221;inherit&#8221; column_padding_position=&#8221;all&#8221; column_element_direction_desktop=&#8221;default&#8221; column_element_spacing=&#8221;default&#8221; desktop_text_alignment=&#8221;default&#8221; tablet_text_alignment=&#8221;default&#8221; phone_text_alignment=&#8221;default&#8221; background_color_opacity=&#8221;1&#8243; background_hover_color_opacity=&#8221;1&#8243; column_backdrop_filter=&#8221;none&#8221; column_shadow=&#8221;none&#8221; column_border_radius=&#8221;none&#8221; column_link_target=&#8221;_self&#8221; column_position=&#8221;default&#8221; gradient_direction=&#8221;left_to_right&#8221; overlay_strength=&#8221;0.3&#8243; width=&#8221;1\/1&#8243; tablet_width_inherit=&#8221;default&#8221; animation_type=&#8221;default&#8221; bg_image_animation=&#8221;none&#8221; border_type=&#8221;simple&#8221; column_border_width=&#8221;none&#8221; column_border_style=&#8221;solid&#8221;][vc_column_text css=&#8221;&#8221; text_direction=&#8221;default&#8221;]\n<h1>Note legali<\/h1>\n<h2>Associazione Turistica Val Passiria<\/h2>\n<p>Via Passiria 40<br \/>\n39015 San Leonardo in Passiria<br \/>\nP.IVA: IT02519970210<\/p>\n<p><a href=\"tel:00390473656188\">Tel. +39 0473 656 188<\/a><br \/>\n<a href=\"mailto:info@passeiertal.it\">info@passeiertal.it<\/a><br \/>\n<a href=\"https:\/\/www.passeiertal.it\/\">www.passeiertal.it<\/a><\/p>\n<p>tvpasseiertal@pec.rolmail.net<br \/>\nCodice destinatario: A4RZ960<\/p>\n<p>&nbsp;<\/p>\n<p>Informazioni obbligatorie ai sensi del Regolamento UE n. 524\/2013 del Parlamento Europeo e del Consiglio:<br \/>\nPiattaforma per la risoluzione online delle controversie dei consumatori (ODR) della Commissione Europea:<a href=\"http:\/\/ec.europa.eu\/consumers\/odr\/\" target=\"_blank\" rel=\"noopener\">http:\/\/ec.europa.eu\/consumers\/odr\/<\/a><\/p>\n<h3>Redazione<\/h3>\n<p>Associazione Turistica Val Passiria<\/p>\n<p><strong>Design <\/strong><br \/>\n<a href=\"https:\/\/ideenraich.it\/\" target=\"_blank\" rel=\"noopener\">Anna Raich<\/a><\/p>\n<p><strong>Programmazione<\/strong><br \/>\n<a href=\"https:\/\/fahrner.it\/\" target=\"_blank\" rel=\"noopener\">fahrner.it web . grafica<\/a><\/p>\n<h3>Esclusione di responsabilit\u00e0<\/h3>\n<p>L&#8217;Associazione Turistica Val Passiria si impegna, in buona fede, ad assicurare che le informazioni contenute in questo sito web siano accurate. Tuttavia, \u00e8 esclusa qualsiasi responsabilit\u00e0 o garanzia per l&#8217;attualit\u00e0, la correttezza e la completezza delle informazioni fornite. Inoltre, l&#8217;Associazione Turistica Val Passiria non \u00e8 responsabile per il contenuto dei siti web esterni collegati tramite hyperlink. L&#8217;Associazione Turistica Val Passiria si riserva il diritto di apportare modifiche o integrazioni alle informazioni fornite senza preavviso.<\/p>\n<h3>Titolare del trattamento dei dati personali<\/h3>\n<p>Il Titolare del trattamento dei dati personali raccolti ed elaborati durante l&#8217;accesso e l&#8217;utilizzo del sito web \u00e8 l&#8217;Associazione Turistica Val Passiria, 39015 San Leonardo in Passiria.<br \/>\nInformazioni dettagliate sulle modalit\u00e0 di gestione del sito web in relazione al trattamento dei dati personali di coloro che lo consultano sono disponibili nella sezione Privacy.<\/p>\n<h3>Fonti delle immagini<\/h3>\n<p>Associazione Turistica Val Passiria<br \/>\nCentro giovani San Martino<br \/>\nArchivi privati<\/p>\n<h3>Diritto d&#8217;autore<\/h3>\n<p>Il layout della homepage, la grafica utilizzata e i contenuti del sito web dell&#8217;Associazione Turistica Val Passiria sono protetti da diritto d&#8217;autore. La riproduzione di informazioni, in particolare l&#8217;uso di testi, parti di testi o materiale fotografico, richiede la previa autorizzazione scritta dell&#8217;Associazione Turistica Val Passiria.<\/p>\n<p>Associazione Turistica Val Passiria 2025 \u2013 Tutti i diritti riservati.[\/vc_column_text][\/vc_column][\/vc_row]\n","protected":false},"excerpt":{"rendered":"<p>[vc_row type=&#8221;in_container&#8221; full_screen_row_position=&#8221;middle&#8221; column_margin=&#8221;default&#8221; column_direction=&#8221;default&#8221; column_direction_tablet=&#8221;default&#8221; column_direction_phone=&#8221;default&#8221; scene_position=&#8221;center&#8221; text_color=&#8221;dark&#8221; text_align=&#8221;left&#8221; row_border_radius=&#8221;none&#8221; row_border_radius_applies=&#8221;bg&#8221; overflow=&#8221;visible&#8221; overlay_strength=&#8221;0.3&#8243; gradient_direction=&#8221;left_to_right&#8221; shape_divider_position=&#8221;bottom&#8221; bg_image_animation=&#8221;none&#8221;][vc_column column_padding=&#8221;no-extra-padding&#8221; column_padding_tablet=&#8221;inherit&#8221; column_padding_phone=&#8221;inherit&#8221; column_padding_position=&#8221;all&#8221; column_element_direction_desktop=&#8221;default&#8221; column_element_spacing=&#8221;default&#8221; desktop_text_alignment=&#8221;default&#8221; tablet_text_alignment=&#8221;default&#8221; phone_text_alignment=&#8221;default&#8221; background_color_opacity=&#8221;1&#8243; background_hover_color_opacity=&#8221;1&#8243; column_backdrop_filter=&#8221;none&#8221; column_shadow=&#8221;none&#8221;&#8230;<\/p>\n","protected":false},"author":1,"featured_media":0,"parent":0,"menu_order":99,"comment_status":"closed","ping_status":"closed","template":"","meta":{"footnotes":""},"class_list":["post-545","page","type-page","status-publish"],"_links":{"self":[{"href":"https:\/\/passeirer-weihnachten.it\/it\/wp-json\/wp\/v2\/pages\/545","targetHints":{"allow":["GET"]}}],"collection":[{"href":"https:\/\/passeirer-weihnachten.it\/it\/wp-json\/wp\/v2\/pages"}],"about":[{"href":"https:\/\/passeirer-weihnachten.it\/it\/wp-json\/wp\/v2\/types\/page"}],"author":[{"embeddable":true,"href":"https:\/\/passeirer-weihnachten.it\/it\/wp-json\/wp\/v2\/users\/1"}],"replies":[{"embeddable":true,"href":"https:\/\/passeirer-weihnachten.it\/it\/wp-json\/wp\/v2\/comments?post=545"}],"version-history":[{"count":8,"href":"https:\/\/passeirer-weihnachten.it\/it\/wp-json\/wp\/v2\/pages\/545\/revisions"}],"predecessor-version":[{"id":579,"href":"https:\/\/passeirer-weihnachten.it\/it\/wp-json\/wp\/v2\/pages\/545\/revisions\/579"}],"wp:attachment":[{"href":"https:\/\/passeirer-weihnachten.it\/it\/wp-json\/wp\/v2\/media?parent=545"}],"curies":[{"name":"wp","href":"https:\/\/api.w.org\/{rel}","templated":true}]}}